{"id":249,"date":"2019-03-19T08:13:25","date_gmt":"2019-03-19T08:13:25","guid":{"rendered":"http:\/\/10.44.205.4\/wp\/gabi\/lawyers\/?page_id=2"},"modified":"2022-08-12T19:37:09","modified_gmt":"2022-08-12T19:37:09","slug":"asesoramiento-contable","status":"publish","type":"page","link":"http:\/\/consultoragelhorn.com.ar\/?page_id=249","title":{"rendered":"Asesoramiento Contable"},"content":{"rendered":"<div data-colibri-id=\"249-c1\" class=\"style-531 style-local-249-c1 position-relative\">\n  <!---->\n  <div data-colibri-component=\"section\" data-colibri-id=\"249-c2\" id=\"custom\" class=\"h-section h-section-global-spacing d-flex align-items-lg-center align-items-md-center align-items-center style-560 style-local-249-c2 position-relative\">\n    <!---->\n    <!---->\n    <div class=\"h-section-grid-container h-section-boxed-container\">\n      <!---->\n      <div data-colibri-id=\"249-c3\" class=\"h-row-container gutters-row-lg-2 gutters-row-md-2 gutters-row-0 gutters-row-v-lg-2 gutters-row-v-md-2 gutters-row-v-2 style-577 style-local-249-c3 position-relative\">\n        <!---->\n        <div class=\"h-row justify-content-lg-center justify-content-md-center justify-content-center align-items-lg-stretch align-items-md-stretch align-items-stretch gutters-col-lg-2 gutters-col-md-2 gutters-col-0 gutters-col-v-lg-2 gutters-col-v-md-2 gutters-col-v-2\">\n          <!---->\n          <div class=\"h-column h-column-container d-flex h-col-auto style-578-outer style-local-249-c4-outer\">\n            <div data-colibri-id=\"249-c4\" class=\"d-flex h-flex-basis h-column__inner h-px-lg-2 h-px-md-2 h-px-2 v-inner-lg-2 v-inner-md-2 v-inner-2 style-578 style-local-249-c4 position-relative\">\n              <!---->\n              <!---->\n              <div class=\"w-100 h-y-container h-column__content h-column__v-align flex-basis-100 align-self-lg-start align-self-md-start align-self-start\">\n                <!---->\n                <div data-colibri-id=\"249-c5\" class=\"h-row-container gutters-row-lg-2 gutters-row-md-2 gutters-row-0 gutters-row-v-lg-2 gutters-row-v-md-2 gutters-row-v-2 style-584 style-local-249-c5 position-relative\">\n                  <!---->\n                  <div class=\"h-row justify-content-lg-center justify-content-md-center justify-content-center align-items-lg-stretch align-items-md-stretch align-items-stretch gutters-col-lg-2 gutters-col-md-2 gutters-col-0 gutters-col-v-lg-2 gutters-col-v-md-2 gutters-col-v-2\">\n                    <!---->\n                    <div class=\"h-column h-column-container d-flex h-col-lg-6 h-col-md-6 h-col-12 style-585-outer style-local-249-c6-outer\">\n                      <div data-colibri-id=\"249-c6\" class=\"d-flex h-flex-basis h-column__inner h-px-lg-2 h-px-md-2 h-px-2 v-inner-lg-2 v-inner-md-2 v-inner-2 style-585 style-local-249-c6 position-relative\">\n                        <!---->\n                        <!---->\n                        <div class=\"w-100 h-y-container h-column__content h-column__v-align flex-basis-100 align-self-lg-start align-self-md-start align-self-start\">\n                          <!---->\n                          <div data-colibri-id=\"249-c7\" class=\"h-text h-text-component style-580 style-local-249-c7 position-relative h-element\">\n                            <!---->\n                            <!---->\n                            <div class=\"\">\n                              <p>Somos expertos en materia tributaria, contable, laboral y sociedades. Nuestro equipo trabaja en contacto permanente con su empresa, comprendiendo su realidad, aplicando sistemas confiables y probados para la gesti\u00f3n de su\n                                actividad contable, fiscal y previsional.<\/p>\n                            <\/div>\n                          <\/div>\n                        <\/div>\n                      <\/div>\n                    <\/div>\n                    <div class=\"h-column h-column-container d-flex h-col-lg-6 h-col-md-6 h-col-12 style-586-outer style-local-249-c8-outer\">\n                      <div data-colibri-id=\"249-c8\" class=\"d-flex h-flex-basis h-column__inner h-px-lg-2 h-px-md-2 h-px-2 v-inner-lg-2 v-inner-md-2 v-inner-2 style-586 style-local-249-c8 position-relative\">\n                        <!---->\n                        <!---->\n                        <div class=\"w-100 h-y-container h-column__content h-column__v-align flex-basis-100 align-self-lg-start align-self-md-start align-self-start\">\n                          <!---->\n                          <div data-toggle=\"true\" data-is-preview=\"true\" data-colibri-component=\"accordion\" data-colibri-id=\"249-c9\" class=\"h-accordion style-563 style-local-249-c9 position-relative h-element\">\n                            <!---->\n                            <div data-colibri-id=\"249-c10\" class=\"h-accordion-item h-accordion-item-first-child style-564 style-local-249-c10 position-relative h-element\">\n                              <!---->\n                              <a data-open-by-default=\"false\" href=\"#249-c10\" class=\"h-accordion-item-title d-flex align-items-center h-global-transition\">\n                                <!----><span>Servicios Impositivos<\/span>\n                                <div class=\"h-accordion-item-title-normal-icon h-accordion-item-title-icon h-accordion-item-title-icon-right\"><span class=\"h-svg-icon\"><!--Icon by Icons8 Line Awesome (https:\/\/icons8.com\/line-awesome)--><svg version=\"1.1\" xmlns=\"http:\/\/www.w3.org\/2000\/svg\" xmlns:xlink=\"http:\/\/www.w3.org\/1999\/xlink\" id=\"plus\" viewBox=\"0 0 512 545.5\"><path d=\"M240 112h32v160h160v32H272v160h-32V304H80v-32h160V112z\"><\/path><\/svg><\/span><\/div>\n                                <div class=\"h-accordion-item-title-active-icon h-accordion-item-title-icon h-accordion-item-title-icon-right\"><span class=\"h-svg-icon\"><!--Icon by Icons8 Line Awesome (https:\/\/icons8.com\/line-awesome)--><svg version=\"1.1\" xmlns=\"http:\/\/www.w3.org\/2000\/svg\" xmlns:xlink=\"http:\/\/www.w3.org\/1999\/xlink\" id=\"minus\" viewBox=\"0 0 512 545.5\"><path d=\"M80 272h352v32H80v-32z\"><\/path><\/svg><\/span><\/div>\n                              <\/a>\n                              <div id=\"249-c10\" class=\"h-accordion-item-content__container\">\n                                <div class=\"w-100 h-y-container h-accordion-item-content\">\n                                  <!---->\n                                  <div data-colibri-id=\"249-c11\" class=\"h-text h-text-component style-565 style-local-249-c11 position-relative h-element\">\n                                    <!---->\n                                    <!---->\n                                    <div class=\"\">\n                                      <ul>\n                                        <li>Asesoramiento impositivo integral.<\/li>\n                                        <li>Inscripciones de inicio de Actividad:&nbsp;Personas humanas \/&nbsp;Personas juridicas \/&nbsp;Asociaciones civiles \/&nbsp;Unipersonales.(Monotributo,RI,Soc)<\/li>\n                                        <li>Presupuestos impositivos.<\/li>\n                                        <li>Liquidaciones impositivas mensuales y anuales de los tributos seg\u00fan cada caso en particular.<\/li>\n                                        <li>Liquidaci\u00f3n de impuesto al valor agregado.<\/li>\n                                        <li>Liquidaci\u00f3n de impuesto a las ganancias para personas humanas. C\u00e1lculo de anticipos.<\/li>\n                                        <li>Liquidaci\u00f3n de impuesto a las ganancias para sociedades. C\u00e1lculo de anticipos.<\/li>\n                                        <li>Liquidaci\u00f3n de Impuesto a la ganancia m\u00ednima presunta. C\u00e1lculo de anticipos.<\/li>\n                                        <li>Liquidaci\u00f3n de Impuesto sobre los bienes personales. C\u00e1lculo de anticipos.<\/li>\n                                        <li>Liquidaci\u00f3n de impuesto sobre los bienes personales acciones y participaciones societarias.<\/li>\n                                        <li>Reg\u00edmenes de retenci\u00f3n de iva, impuesto a las ganancias, seguridad social, personal eventual, agentes de retencion y percepcion,etc.<\/li>\n                                        <li>Informe para fines fiscales.<\/li>\n                                        <li>Reg\u00edmenes de informaci\u00f3n (RG 4120, CITI Ventas, CITI Compras).<\/li>\n                                        <li>Recategorizaci\u00f3n monotributistas.<\/li>\n                                        <li>Reempadronamiento Aut\u00f3nomos.<\/li>\n                                        <li>R\u00e9gimen de informaci\u00f3n donaciones para entidades que reciban donaciones.<\/li>\n                                        <li>Tr\u00e1mites de obtenci\u00f3n de exenci\u00f3n en entidades sin fines de lucro.<\/li>\n                                        <li>Atenci\u00f3n de requerimientos de organismos de fiscalizaci\u00f3n y control.<\/li>\n                                        <li>Solicitud de exenci\u00f3nes.<\/li>\n                                        <li>Certificados fiscales para contratar con el Estado ante AFIP .<\/li>\n                                        <li>Moratorias y Planes de facilidades de pago.<\/li>\n                                      <\/ul>\n                                    <\/div>\n                                  <\/div>\n                                <\/div>\n                              <\/div>\n                            <\/div>\n                            <div data-colibri-id=\"249-c12\" class=\"h-accordion-item style-566 style-local-249-c12 position-relative h-element\">\n                              <!---->\n                              <a data-open-by-default=\"false\" href=\"#249-c12\" class=\"h-accordion-item-title d-flex align-items-center h-global-transition\">\n                                <!----><span>Servicios Contables<\/span>\n                                <div class=\"h-accordion-item-title-normal-icon h-accordion-item-title-icon h-accordion-item-title-icon-right\"><span class=\"h-svg-icon\"><!--Icon by Icons8 Line Awesome (https:\/\/icons8.com\/line-awesome)--><svg version=\"1.1\" xmlns=\"http:\/\/www.w3.org\/2000\/svg\" xmlns:xlink=\"http:\/\/www.w3.org\/1999\/xlink\" id=\"plus\" viewBox=\"0 0 512 545.5\"><path d=\"M240 112h32v160h160v32H272v160h-32V304H80v-32h160V112z\"><\/path><\/svg><\/span><\/div>\n                                <div class=\"h-accordion-item-title-active-icon h-accordion-item-title-icon h-accordion-item-title-icon-right\"><span class=\"h-svg-icon\"><!--Icon by Icons8 Line Awesome (https:\/\/icons8.com\/line-awesome)--><svg version=\"1.1\" xmlns=\"http:\/\/www.w3.org\/2000\/svg\" xmlns:xlink=\"http:\/\/www.w3.org\/1999\/xlink\" id=\"minus\" viewBox=\"0 0 512 545.5\"><path d=\"M80 272h352v32H80v-32z\"><\/path><\/svg><\/span><\/div>\n                              <\/a>\n                              <div id=\"249-c12\" class=\"h-accordion-item-content__container\">\n                                <div class=\"w-100 h-y-container h-accordion-item-content\">\n                                  <!---->\n                                  <div data-colibri-id=\"249-c13\" class=\"h-text h-text-component style-567 style-local-249-c13 position-relative h-element\">\n                                    <!---->\n                                    <!---->\n                                    <div class=\"\">\n                                      <ul>\n                                        <li>Asesoramiento contable integral.<\/li>\n                                        <li>An\u00e1lisis de estados contables.<\/li>\n                                        <li>Estructuras de costos<\/li>\n                                        <li>Confecci\u00f3n y armado de Estados contables Basicos y anexos (Balance).<\/li>\n                                        <li>Presentaci\u00f3n de Estados contables ante Organismos fiscales.<\/li>\n                                        <li>Confecci\u00f3n de balances proyectados.<\/li>\n                                        <li>Confecciones y Certificaciones relacionadas con aspectos contables para su presentaci\u00f3n ante distintos organismos que lo requieran.<\/li>\n                                        <li>Asesoramiento en casos de aumentos o reducciones de capital respecto del patrimonio neto de la sociedad.<\/li>\n                                        <li>Flujo de fondos para an\u00e1lisis crediticio por entidades financieras.(Estados financieros).<\/li>\n                                        <li>Inventarios de bienes de cambio y de bienes de uso.<\/li>\n                                        <li>Libros contables, Rubrica y copiado.<\/li>\n                                        <li>Auditor\u00edas de estados contables.<\/li>\n                                        <li>Atencion de inspecciones y tramites ante distintos organismos de contralor.<\/li>\n                                      <\/ul>\n                                    <\/div>\n                                  <\/div>\n                                <\/div>\n                              <\/div>\n                            <\/div>\n                            <div data-colibri-id=\"249-c14\" class=\"h-accordion-item style-568 style-local-249-c14 position-relative h-element\">\n                              <!---->\n                              <a data-open-by-default=\"false\" href=\"#249-c14\" class=\"h-accordion-item-title d-flex align-items-center h-global-transition\">\n                                <!----><span>Servicios Laborales<\/span>\n                                <div class=\"h-accordion-item-title-normal-icon h-accordion-item-title-icon h-accordion-item-title-icon-right\"><span class=\"h-svg-icon\"><!--Icon by Icons8 Line Awesome (https:\/\/icons8.com\/line-awesome)--><svg version=\"1.1\" xmlns=\"http:\/\/www.w3.org\/2000\/svg\" xmlns:xlink=\"http:\/\/www.w3.org\/1999\/xlink\" id=\"plus\" viewBox=\"0 0 512 545.5\"><path d=\"M240 112h32v160h160v32H272v160h-32V304H80v-32h160V112z\"><\/path><\/svg><\/span><\/div>\n                                <div class=\"h-accordion-item-title-active-icon h-accordion-item-title-icon h-accordion-item-title-icon-right\"><span class=\"h-svg-icon\"><!--Icon by Icons8 Line Awesome (https:\/\/icons8.com\/line-awesome)--><svg version=\"1.1\" xmlns=\"http:\/\/www.w3.org\/2000\/svg\" xmlns:xlink=\"http:\/\/www.w3.org\/1999\/xlink\" id=\"minus\" viewBox=\"0 0 512 545.5\"><path d=\"M80 272h352v32H80v-32z\"><\/path><\/svg><\/span><\/div>\n                              <\/a>\n                              <div id=\"249-c14\" class=\"h-accordion-item-content__container\">\n                                <div class=\"w-100 h-y-container h-accordion-item-content\">\n                                  <!---->\n                                  <div data-colibri-id=\"249-c15\" class=\"h-text h-text-component style-569 style-local-249-c15 position-relative h-element\">\n                                    <!---->\n                                    <!---->\n                                    <div class=\"\">\n                                      <ul>\n                                        <li>Asesoramiento laboral integral<\/li>\n                                        <li>Evaluaci\u00f3n de distintas formas de contrataci\u00f3n laboral y confeccion de contratos laborales.<\/li>\n                                        <li>Liquidaci\u00f3n de sueldos y jornales.<\/li>\n                                        <li>Liquidaci\u00f3n de Cargas sociales y presentacion de declaraciones jurada.(F931)<\/li>\n                                        <li>An\u00e1lisis y aplicaci\u00f3n de los distintos convenios colectivos de trabajo segun la actividad.<\/li>\n                                        <li>Proyecci\u00f3n y an\u00e1lisis de los Costos Laborales seg\u00fan la normativa vigente.<\/li>\n                                        <li>Regularizaci\u00f3n de obligaciones laborales y de la seguridad social aplicando las Moratorias vigentes.<\/li>\n                                        <li>Confecci\u00f3n y Presentaci\u00f3n de Planes Facilidades de pagos.<\/li>\n                                        <li>Gesti\u00f3n ante los organismos correspondientes, de la r\u00fabrica de Hojas m\u00f3viles o libro de sueldos y jornales.<\/li>\n                                        <li>Liquidaci\u00f3n y presentaci\u00f3n de Retenciones de la Seguridad Social.<\/li>\n                                        <li>Tramitaci\u00f3n de altas tempranas del personal.<\/li>\n                                        <li>Altas,modificaciones y bajas de nomina de empleados.<\/li>\n                                        <li>Liquidaci\u00f3n y emisi\u00f3n de recibos de sueldos del personal.<\/li>\n                                        <li>Tr\u00e1mites ante ART, Seguro de Vida Obligatorios, Anses, etc<\/li>\n                                        <li>Confeccion y emision de boletas para sindicatos de trabajo.<\/li>\n                                        <li>Tramitaci\u00f3n de libretas de fondo de desempleo.<\/li>\n                                        <li>C\u00e1lculo de indemnizaciones y liquidaciones finales.<\/li>\n                                        <li>Liquidacion de licencias.<\/li>\n                                        <li>Asesoramiento en Inspecciones,sumarios y requerimientos.<\/li>\n                                      <\/ul>\n                                    <\/div>\n                                  <\/div>\n                                <\/div>\n                              <\/div>\n                            <\/div>\n                            <div data-colibri-id=\"249-c16\" class=\"h-accordion-item style-570 style-local-249-c16 position-relative h-element\">\n                              <!---->\n                              <a data-open-by-default=\"false\" href=\"#249-c16\" class=\"h-accordion-item-title d-flex align-items-center h-global-transition\">\n                                <!----><span>Sociedades<\/span>\n                                <div class=\"h-accordion-item-title-normal-icon h-accordion-item-title-icon h-accordion-item-title-icon-right\"><span class=\"h-svg-icon\"><!--Icon by Icons8 Line Awesome (https:\/\/icons8.com\/line-awesome)--><svg version=\"1.1\" xmlns=\"http:\/\/www.w3.org\/2000\/svg\" xmlns:xlink=\"http:\/\/www.w3.org\/1999\/xlink\" id=\"plus\" viewBox=\"0 0 512 545.5\"><path d=\"M240 112h32v160h160v32H272v160h-32V304H80v-32h160V112z\"><\/path><\/svg><\/span><\/div>\n                                <div class=\"h-accordion-item-title-active-icon h-accordion-item-title-icon h-accordion-item-title-icon-right\"><span class=\"h-svg-icon\"><!--Icon by Icons8 Line Awesome (https:\/\/icons8.com\/line-awesome)--><svg version=\"1.1\" xmlns=\"http:\/\/www.w3.org\/2000\/svg\" xmlns:xlink=\"http:\/\/www.w3.org\/1999\/xlink\" id=\"minus\" viewBox=\"0 0 512 545.5\"><path d=\"M80 272h352v32H80v-32z\"><\/path><\/svg><\/span><\/div>\n                              <\/a>\n                              <div id=\"249-c16\" class=\"h-accordion-item-content__container\">\n                                <div class=\"w-100 h-y-container h-accordion-item-content\">\n                                  <!---->\n                                  <div data-colibri-id=\"249-c17\" class=\"h-text h-text-component style-571 style-local-249-c17 position-relative h-element\">\n                                    <!---->\n                                    <!---->\n                                    <div class=\"\">\n                                      <ul>\n                                        <li>Constituci\u00f3n de Sociedades:Tr\u00e1mite normal o Urgente.<\/li>\n                                        <li>Asesoramiento Previo del tipo societario mas conveniente.<\/li>\n                                        <li>Confeccion de actas de Asambleas, Ordinarias y Extraordinarias, actas de directorio y Registro de accionistas.<\/li>\n                                        <li>Disoluciones, absorciones, fusiones de sociedades.<\/li>\n                                        <li>Presentaci\u00f3n de Balances y dem\u00e1s tramites en IGJ y organismos de recaudacion.<\/li>\n                                        <li>Asesoramiento en los diferentes aspectos de la Ley 19.550 de sociedades comerciales.<\/li>\n                                        <li>Liquidaci\u00f3n de Impuestos, Sueldos, registraciones contables, armado de Estados Contables, Auditorias.<\/li>\n                                        <li>Publicaciones obligatorias en Bolet\u00edn Oficial.<\/li>\n                                        <li>Confecci\u00f3n de Libros Societarios, Contables y Laborales.<\/li>\n                                        <li>Preparaci\u00f3n de documentaci\u00f3n para empresas en Concurso Preventivo de Acreedores y en dem\u00e1s instancias del concurso y quiebra.<\/li>\n                                        <li>Seguros de Cauci\u00f3n Directores y Socios Gerentes.<\/li>\n                                        <li>Aumentos y reducciones de capital.<\/li>\n                                      <\/ul>\n                                    <\/div>\n                                  <\/div>\n                                <\/div>\n                              <\/div>\n                            <\/div>\n                            <div data-colibri-id=\"249-c18\" class=\"h-accordion-item style-581 style-local-249-c18 position-relative h-element\">\n                              <!---->\n                              <a data-open-by-default=\"false\" href=\"#249-c18\" class=\"h-accordion-item-title d-flex align-items-center h-global-transition\">\n                                <!----><span>Otros Servicios<\/span>\n                                <div class=\"h-accordion-item-title-normal-icon h-accordion-item-title-icon h-accordion-item-title-icon-right\"><span class=\"h-svg-icon\"><!--Icon by Icons8 Line Awesome (https:\/\/icons8.com\/line-awesome)--><svg version=\"1.1\" xmlns=\"http:\/\/www.w3.org\/2000\/svg\" xmlns:xlink=\"http:\/\/www.w3.org\/1999\/xlink\" id=\"plus\" viewBox=\"0 0 512 545.5\"><path d=\"M240 112h32v160h160v32H272v160h-32V304H80v-32h160V112z\"><\/path><\/svg><\/span><\/div>\n                                <div class=\"h-accordion-item-title-active-icon h-accordion-item-title-icon h-accordion-item-title-icon-right\"><span class=\"h-svg-icon\"><!--Icon by Icons8 Line Awesome (https:\/\/icons8.com\/line-awesome)--><svg version=\"1.1\" xmlns=\"http:\/\/www.w3.org\/2000\/svg\" xmlns:xlink=\"http:\/\/www.w3.org\/1999\/xlink\" id=\"minus\" viewBox=\"0 0 512 545.5\"><path d=\"M80 272h352v32H80v-32z\"><\/path><\/svg><\/span><\/div>\n                              <\/a>\n                              <div id=\"249-c18\" class=\"h-accordion-item-content__container\">\n                                <div class=\"w-100 h-y-container h-accordion-item-content\">\n                                  <!---->\n                                  <div data-colibri-id=\"249-c19\" class=\"h-text h-text-component style-582 style-local-249-c19 position-relative h-element\">\n                                    <!---->\n                                    <!---->\n                                    <div class=\"\">\n                                      <ul>\n                                        <li>Gesti\u00f3n de Cr\u00e9ditos Bancarios.<\/li>\n                                        <li>Implementaci\u00f3n de sistemas inform\u00e1ticos.<\/li>\n                                        <li>Asesoramiento de la estructura administrativa y sus circuitos.<\/li>\n                                        <li>Automatizacion de procesos de negocio.<\/li>\n                                        <li>Evaluaci\u00f3n y diagnostico del tipo societario m\u00e1s conveniente para la actividad a desarrollar.<\/li>\n                                        <li>Constituci\u00f3n de sociedades.<\/li>\n                                        <li>Disoluci\u00f3n, absorci\u00f3n y fusi\u00f3n de empresas.<\/li>\n                                        <li>Tr\u00e1mites ante la I.G.J.<\/li>\n                                        <li>Confecci\u00f3n de Actas de Directorio, Asamblea y Registro de Accionistas.<\/li>\n                                        <li>Inscripci\u00f3n del directorio en I.G.J. y publicaci\u00f3n en el Bolet\u00edn Oficial.<\/li>\n                                        <li>Aumentos y disminuci\u00f3n de Capital de la sociedad.<\/li>\n                                      <\/ul>\n                                    <\/div>\n                                  <\/div>\n                                <\/div>\n                              <\/div>\n                            <\/div>\n                          <\/div>\n                        <\/div>\n                      <\/div>\n                    <\/div>\n                  <\/div>\n                <\/div>\n              <\/div>\n            <\/div>\n          <\/div>\n          <div class=\"h-column h-column-container d-flex h-col-auto style-583-outer style-local-249-c20-outer\">\n            <div data-colibri-id=\"249-c20\" class=\"d-flex h-flex-basis h-column__inner h-ui-empty-state-container h-px-lg-2 h-px-md-2 h-px-2 v-inner-lg-2 v-inner-md-2 v-inner-2 style-583 style-local-249-c20 position-relative\">\n              <!---->\n              <!---->\n              <div class=\"w-100 h-y-container h-column__content h-column__v-align flex-basis-100\">\n                <!---->\n              <\/div>\n            <\/div>\n          <\/div>\n        <\/div>\n      <\/div>\n    <\/div>\n  <\/div>\n<\/div>","protected":false},"excerpt":{"rendered":"<p>Somos expertos en materia tributaria, contable, laboral y sociedades. Nuestro equipo trabaja en contacto permanente con su empresa, comprendiendo su realidad, aplicando sistemas confiables y probados para la gesti\u00f3n de su actividad contable, fiscal y previsional. Servicios Impositivos Asesoramiento impositivo integral. Inscripciones de inicio de Actividad:&nbsp;Personas humanas \/&nbsp;Personas juridicas \/&nbsp;Asociaciones civiles \/&nbsp;Unipersonales.(Monotributo,RI,Soc) Presupuestos impositivos. Liquidaciones [&hellip;]<\/p>\n","protected":false},"author":1,"featured_media":0,"parent":0,"menu_order":0,"comment_status":"closed","ping_status":"closed","template":"page-templates\/full-width-page.php","meta":{"footnotes":""},"class_list":["post-249","page","type-page","status-publish","hentry"],"_links":{"self":[{"href":"http:\/\/consultoragelhorn.com.ar\/index.php?rest_route=\/wp\/v2\/pages\/249","targetHints":{"allow":["GET"]}}],"collection":[{"href":"http:\/\/consultoragelhorn.com.ar\/index.php?rest_route=\/wp\/v2\/pages"}],"about":[{"href":"http:\/\/consultoragelhorn.com.ar\/index.php?rest_route=\/wp\/v2\/types\/page"}],"author":[{"embeddable":true,"href":"http:\/\/consultoragelhorn.com.ar\/index.php?rest_route=\/wp\/v2\/users\/1"}],"replies":[{"embeddable":true,"href":"http:\/\/consultoragelhorn.com.ar\/index.php?rest_route=%2Fwp%2Fv2%2Fcomments&post=249"}],"version-history":[{"count":20,"href":"http:\/\/consultoragelhorn.com.ar\/index.php?rest_route=\/wp\/v2\/pages\/249\/revisions"}],"predecessor-version":[{"id":968,"href":"http:\/\/consultoragelhorn.com.ar\/index.php?rest_route=\/wp\/v2\/pages\/249\/revisions\/968"}],"wp:attachment":[{"href":"http:\/\/consultoragelhorn.com.ar\/index.php?rest_route=%2Fwp%2Fv2%2Fmedia&parent=249"}],"curies":[{"name":"wp","href":"https:\/\/api.w.org\/{rel}","templated":true}]}}