{"id":565,"date":"2022-08-06T12:54:40","date_gmt":"2022-08-06T12:54:40","guid":{"rendered":"http:\/\/consultoragelhorn.com.ar\/?page_id=565"},"modified":"2022-08-09T19:07:24","modified_gmt":"2022-08-09T19:07:24","slug":"habilitaciones-municipales-caba","status":"publish","type":"page","link":"http:\/\/consultoragelhorn.com.ar\/?page_id=565","title":{"rendered":"Habilitaciones Municipales CABA"},"content":{"rendered":"<div data-colibri-id=\"565-c1\" class=\"style-595 style-local-565-c1 position-relative\">\n  <!---->\n  <div data-colibri-component=\"section\" data-colibri-id=\"565-c2\" id=\"custom\" class=\"h-section h-section-global-spacing d-flex align-items-lg-center align-items-md-center align-items-center style-596 style-local-565-c2 position-relative\">\n    <!---->\n    <!---->\n    <div class=\"h-section-grid-container h-section-boxed-container\">\n      <!---->\n      <div data-colibri-id=\"565-c3\" class=\"h-row-container gutters-row-lg-2 gutters-row-md-2 gutters-row-0 gutters-row-v-lg-2 gutters-row-v-md-2 gutters-row-v-2 style-597 style-local-565-c3 position-relative\">\n        <!---->\n        <div class=\"h-row justify-content-lg-center justify-content-md-center justify-content-center align-items-lg-stretch align-items-md-stretch align-items-stretch gutters-col-lg-2 gutters-col-md-2 gutters-col-0 gutters-col-v-lg-2 gutters-col-v-md-2 gutters-col-v-2\">\n          <!---->\n          <div class=\"h-column h-column-container d-flex h-col-lg-auto h-col-md-auto h-col-auto style-598-outer style-local-565-c4-outer\">\n            <div data-colibri-id=\"565-c4\" class=\"d-flex h-flex-basis h-column__inner h-px-lg-2 h-px-md-2 h-px-2 v-inner-lg-2 v-inner-md-2 v-inner-2 style-598 style-local-565-c4 position-relative\">\n              <!---->\n              <!---->\n              <div class=\"w-100 h-y-container h-column__content h-column__v-align flex-basis-100 align-self-lg-start align-self-md-start align-self-start\">\n                <!---->\n                <div data-colibri-id=\"565-c5\" class=\"h-text h-text-component style-599 style-local-565-c5 position-relative h-element\">\n                  <!---->\n                  <!---->\n                  <div class=\"\">\n                    <p>Realizamos habilitaciones Municipalaes en CABA tanto para industrias como comercios. Tambien contramos con profesionaales para realizar todo tipo de tramites y presentaciones.Algunos de los tramites que realizamos:<\/p>\n                    <ul>\n                      <li>Autorizaci\u00f3n de Actividad Econ\u00f3mica<\/li>\n                      <li>Ampliaci\u00f3n o Disminuci\u00f3n de rubros y\/o Superficie de Autorizaci\u00f3n de Actividad Econ\u00f3mica<\/li>\n                      <li>Redistribuci\u00f3n de usos de Autorizaci\u00f3n de Actividad Econ\u00f3mica<\/li>\n                      <li>Transmisi\u00f3n de Autorizaci\u00f3n de Actividad Econ\u00f3mica<\/li>\n                      <li>Expedientes de habilitaci\u00f3n con observaciones. Vista, modificaci\u00f3n y subsanaci\u00f3n<\/li>\n                      <li>Autorizaci\u00f3n de Actividad Econ\u00f3mica Aprobada &#8211; Libro de registro de inspecciones<\/li>\n                      <li>Desistimiento de Actividad econ\u00f3mica<\/li>\n                      <li>Registro de fabricaci\u00f3n, reparaci\u00f3n, recarga, instalaci\u00f3n y control de extintores (matafuegos) y equipos contra incendio (REECI)<\/li>\n                      <li>Registro de Fabricaci\u00f3n, Reparaci\u00f3n, Instalaci\u00f3n y Mantenimiento de Instalaciones Fijas contra Incendios (RIFCI)<\/li>\n                      <li>Baja de habilitaci\u00f3n<\/li>\n                      <li>Solicitud de constancia de habilitaci\u00f3n en tr\u00e1mite o de vigencia de habilitaci\u00f3n definitiva<\/li>\n                      <li>Solicitud de duplicado del libro de actas por extrav\u00edo, robo, hurto o agotamiento<\/li>\n                      <li>Espacio cultural independiente<\/li>\n                      <li>Registro p\u00fablico de locales bailables. Inscripci\u00f3n y renovaci\u00f3n<\/li>\n                      <li>Permiso de espect\u00e1culo musical en vivo<\/li>\n                      <li>Inscripci\u00f3n al Registro P\u00fablico de Productores de Eventos Masivos<\/li>\n                      <li>Rubrica de libros para habilitaciones especiales<\/li>\n                      <li>Solicitud de Permiso para Evento Masivo<\/li>\n                    <\/ul>\n                    <p>\n                      <br>\n                    <\/p>\n                  <\/div>\n                <\/div>\n              <\/div>\n            <\/div>\n          <\/div>\n        <\/div>\n      <\/div>\n    <\/div>\n  <\/div>\n<\/div>","protected":false},"excerpt":{"rendered":"<p>Realizamos habilitaciones Municipalaes en CABA tanto para industrias como comercios. Tambien contramos con profesionaales para realizar todo tipo de tramites y presentaciones.Algunos de los tramites que realizamos: Autorizaci\u00f3n de Actividad Econ\u00f3mica Ampliaci\u00f3n o Disminuci\u00f3n de rubros y\/o Superficie de Autorizaci\u00f3n de Actividad Econ\u00f3mica Redistribuci\u00f3n de usos de Autorizaci\u00f3n de Actividad Econ\u00f3mica Transmisi\u00f3n de Autorizaci\u00f3n de [&hellip;]<\/p>\n","protected":false},"author":1,"featured_media":0,"parent":0,"menu_order":0,"comment_status":"closed","ping_status":"closed","template":"page-templates\/full-width-page.php","meta":{"footnotes":""},"class_list":["post-565","page","type-page","status-publish","hentry"],"_links":{"self":[{"href":"http:\/\/consultoragelhorn.com.ar\/index.php?rest_route=\/wp\/v2\/pages\/565","targetHints":{"allow":["GET"]}}],"collection":[{"href":"http:\/\/consultoragelhorn.com.ar\/index.php?rest_route=\/wp\/v2\/pages"}],"about":[{"href":"http:\/\/consultoragelhorn.com.ar\/index.php?rest_route=\/wp\/v2\/types\/page"}],"author":[{"embeddable":true,"href":"http:\/\/consultoragelhorn.com.ar\/index.php?rest_route=\/wp\/v2\/users\/1"}],"replies":[{"embeddable":true,"href":"http:\/\/consultoragelhorn.com.ar\/index.php?rest_route=%2Fwp%2Fv2%2Fcomments&post=565"}],"version-history":[{"count":10,"href":"http:\/\/consultoragelhorn.com.ar\/index.php?rest_route=\/wp\/v2\/pages\/565\/revisions"}],"predecessor-version":[{"id":744,"href":"http:\/\/consultoragelhorn.com.ar\/index.php?rest_route=\/wp\/v2\/pages\/565\/revisions\/744"}],"wp:attachment":[{"href":"http:\/\/consultoragelhorn.com.ar\/index.php?rest_route=%2Fwp%2Fv2%2Fmedia&parent=565"}],"curies":[{"name":"wp","href":"https:\/\/api.w.org\/{rel}","templated":true}]}}